{"id":994,"date":"2024-02-08T18:21:46","date_gmt":"2024-02-08T17:21:46","guid":{"rendered":"http:\/\/klgsnt.propcnet.pl\/?page_id=994"},"modified":"2024-03-21T09:39:38","modified_gmt":"2024-03-21T08:39:38","slug":"produkcja-form-wtryskowych","status":"publish","type":"page","link":"https:\/\/klgsnt.pl\/?page_id=994","title":{"rendered":"Produkcja form wtryskowych"},"content":{"rendered":"\t\t<div data-elementor-type=\"wp-page\" data-elementor-id=\"994\" class=\"elementor elementor-994\">\n\t\t\t\t\t\t<section class=\"elementor-section elementor-top-section elementor-element elementor-element-af9f0ce elementor-section-boxed elementor-section-height-default elementor-section-height-default\" data-id=\"af9f0ce\" data-element_type=\"section\">\n\t\t\t\t\t\t<div class=\"elementor-container elementor-column-gap-default\">\n\t\t\t\t\t<div class=\"elementor-column elementor-col-100 elementor-top-column elementor-element elementor-element-c854b86\" data-id=\"c854b86\" data-element_type=\"column\">\n\t\t\t<div class=\"elementor-widget-wrap elementor-element-populated\">\n\t\t\t\t\t\t<div class=\"elementor-element elementor-element-fade1f2 elementor-widget elementor-widget-text-editor\" data-id=\"fade1f2\" data-element_type=\"widget\" data-widget_type=\"text-editor.default\">\n\t\t\t\t<div class=\"elementor-widget-container\">\n\t\t\t\t\t\t\t\t\t<p>Nasza narz\u0119dziownia wyposa\u017cona jest w nowoczesne obrabiarki. Korzystamy z<br \/>najnowocze\u015bniejszej maszyny, dzi\u0119ki kt\u00f3rej panele o maksymalnym rozmiarze o wymiarach<br \/>496 x 696 mm mog\u0105 by\u0107 obrabiane.<\/p>\t\t\t\t\t\t\t\t<\/div>\n\t\t\t\t<\/div>\n\t\t\t\t\t<\/div>\n\t\t<\/div>\n\t\t\t\t\t<\/div>\n\t\t<\/section>\n\t\t\t\t<section class=\"elementor-section elementor-top-section elementor-element elementor-element-85fdcb4 elementor-section-boxed elementor-section-height-default elementor-section-height-default\" data-id=\"85fdcb4\" data-element_type=\"section\">\n\t\t\t\t\t\t<div class=\"elementor-container elementor-column-gap-default\">\n\t\t\t\t\t<div class=\"elementor-column elementor-col-50 elementor-top-column elementor-element elementor-element-f0114d0\" data-id=\"f0114d0\" data-element_type=\"column\">\n\t\t\t<div class=\"elementor-widget-wrap elementor-element-populated\">\n\t\t\t\t\t\t<div class=\"elementor-element elementor-element-e13e280 elementor-widget elementor-widget-text-editor\" data-id=\"e13e280\" data-element_type=\"widget\" data-widget_type=\"text-editor.default\">\n\t\t\t\t<div class=\"elementor-widget-container\">\n\t\t\t\t\t\t\t\t\t<p>W naszej narz\u0119dziowni dysponujemy<strong> maszynami CNC:<\/strong><br \/>&#8211; Centrum frezuj\u0105ce Mikron VCE 800 Pro<br \/>&#8211; Centrum frezuj\u0105ce HAAS<br \/>&#8211; Dr\u0105\u017carka wg\u0142\u0119bna Roboform 5550<br \/>&#8211; Elektrodr\u0105\u017carka drutowa Robocut \u03b1-C400iB<\/p><p>oraz <strong>konwencjonalnymi obrabiarkami:<\/strong><br \/>&#8211; Tokarki: TVM oraz MEVSER<br \/>&#8211; Szlifierki: Jungner Instrument oraz ALPA<br \/>&#8211; Wiertarka ALZ METAL<\/p>\t\t\t\t\t\t\t\t<\/div>\n\t\t\t\t<\/div>\n\t\t\t\t\t<\/div>\n\t\t<\/div>\n\t\t\t\t<div class=\"elementor-column elementor-col-50 elementor-top-column elementor-element elementor-element-cb47ce5\" data-id=\"cb47ce5\" data-element_type=\"column\">\n\t\t\t<div class=\"elementor-widget-wrap elementor-element-populated\">\n\t\t\t\t\t\t<div class=\"elementor-element elementor-element-862b0c0 elementor-widget elementor-widget-image\" data-id=\"862b0c0\" data-element_type=\"widget\" data-widget_type=\"image.default\">\n\t\t\t\t<div class=\"elementor-widget-container\">\n\t\t\t\t\t\t\t\t\t\t\t\t\t\t\t<img decoding=\"async\" src=\"https:\/\/klgsnt.pl\/wp-content\/uploads\/2024\/02\/3.jpg\" title=\"3\" alt=\"3\" loading=\"lazy\" \/>\t\t\t\t\t\t\t\t\t\t\t\t\t\t\t<\/div>\n\t\t\t\t<\/div>\n\t\t\t\t\t<\/div>\n\t\t<\/div>\n\t\t\t\t\t<\/div>\n\t\t<\/section>\n\t\t\t\t<section class=\"elementor-section elementor-top-section elementor-element elementor-element-bfa10ed elementor-section-boxed elementor-section-height-default elementor-section-height-default\" data-id=\"bfa10ed\" data-element_type=\"section\">\n\t\t\t\t\t\t<div class=\"elementor-container elementor-column-gap-default\">\n\t\t\t\t\t<div class=\"elementor-column elementor-col-25 elementor-top-column elementor-element elementor-element-8686b03\" data-id=\"8686b03\" data-element_type=\"column\">\n\t\t\t<div class=\"elementor-widget-wrap elementor-element-populated\">\n\t\t\t\t\t\t<div class=\"elementor-element elementor-element-9d9e6ae elementor-widget elementor-widget-image\" data-id=\"9d9e6ae\" data-element_type=\"widget\" data-widget_type=\"image.default\">\n\t\t\t\t<div class=\"elementor-widget-container\">\n\t\t\t\t\t\t\t\t\t\t\t\t\t\t\t<img fetchpriority=\"high\" decoding=\"async\" width=\"300\" height=\"205\" src=\"https:\/\/klgsnt.pl\/wp-content\/uploads\/2024\/02\/1-300x205.jpg\" class=\"attachment-medium size-medium wp-image-1003\" alt=\"\" srcset=\"https:\/\/klgsnt.pl\/wp-content\/uploads\/2024\/02\/1-300x205.jpg 300w, https:\/\/klgsnt.pl\/wp-content\/uploads\/2024\/02\/1.jpg 553w\" sizes=\"(max-width: 300px) 100vw, 300px\" \/>\t\t\t\t\t\t\t\t\t\t\t\t\t\t\t<\/div>\n\t\t\t\t<\/div>\n\t\t\t\t\t<\/div>\n\t\t<\/div>\n\t\t\t\t<div class=\"elementor-column elementor-col-25 elementor-top-column elementor-element elementor-element-4e311d0\" data-id=\"4e311d0\" data-element_type=\"column\">\n\t\t\t<div class=\"elementor-widget-wrap elementor-element-populated\">\n\t\t\t\t\t\t<div class=\"elementor-element elementor-element-83fce74 elementor-widget elementor-widget-image\" data-id=\"83fce74\" data-element_type=\"widget\" data-widget_type=\"image.default\">\n\t\t\t\t<div class=\"elementor-widget-container\">\n\t\t\t\t\t\t\t\t\t\t\t\t\t\t\t<img decoding=\"async\" width=\"300\" height=\"205\" src=\"https:\/\/klgsnt.pl\/wp-content\/uploads\/2024\/02\/4-300x205.jpg\" class=\"attachment-medium size-medium wp-image-1000\" alt=\"\" srcset=\"https:\/\/klgsnt.pl\/wp-content\/uploads\/2024\/02\/4-300x205.jpg 300w, https:\/\/klgsnt.pl\/wp-content\/uploads\/2024\/02\/4.jpg 553w\" sizes=\"(max-width: 300px) 100vw, 300px\" \/>\t\t\t\t\t\t\t\t\t\t\t\t\t\t\t<\/div>\n\t\t\t\t<\/div>\n\t\t\t\t\t<\/div>\n\t\t<\/div>\n\t\t\t\t<div class=\"elementor-column elementor-col-25 elementor-top-column elementor-element elementor-element-e47c156\" data-id=\"e47c156\" data-element_type=\"column\">\n\t\t\t<div class=\"elementor-widget-wrap elementor-element-populated\">\n\t\t\t\t\t\t<div class=\"elementor-element elementor-element-f7aa1f3 elementor-widget elementor-widget-image\" data-id=\"f7aa1f3\" data-element_type=\"widget\" data-widget_type=\"image.default\">\n\t\t\t\t<div class=\"elementor-widget-container\">\n\t\t\t\t\t\t\t\t\t\t\t\t\t\t\t<img decoding=\"async\" width=\"300\" height=\"205\" src=\"https:\/\/klgsnt.pl\/wp-content\/uploads\/2024\/02\/5-300x205.jpg\" class=\"attachment-medium size-medium wp-image-1004\" alt=\"\" srcset=\"https:\/\/klgsnt.pl\/wp-content\/uploads\/2024\/02\/5-300x205.jpg 300w, https:\/\/klgsnt.pl\/wp-content\/uploads\/2024\/02\/5.jpg 553w\" sizes=\"(max-width: 300px) 100vw, 300px\" \/>\t\t\t\t\t\t\t\t\t\t\t\t\t\t\t<\/div>\n\t\t\t\t<\/div>\n\t\t\t\t\t<\/div>\n\t\t<\/div>\n\t\t\t\t<div class=\"elementor-column elementor-col-25 elementor-top-column elementor-element elementor-element-1b7ad83\" data-id=\"1b7ad83\" data-element_type=\"column\">\n\t\t\t<div class=\"elementor-widget-wrap elementor-element-populated\">\n\t\t\t\t\t\t<div class=\"elementor-element elementor-element-09252f7 elementor-widget elementor-widget-image\" data-id=\"09252f7\" data-element_type=\"widget\" data-widget_type=\"image.default\">\n\t\t\t\t<div class=\"elementor-widget-container\">\n\t\t\t\t\t\t\t\t\t\t\t\t\t\t\t<img loading=\"lazy\" decoding=\"async\" width=\"300\" height=\"205\" src=\"https:\/\/klgsnt.pl\/wp-content\/uploads\/2024\/02\/2-300x205.jpg\" class=\"attachment-medium size-medium wp-image-1002\" alt=\"\" srcset=\"https:\/\/klgsnt.pl\/wp-content\/uploads\/2024\/02\/2-300x205.jpg 300w, https:\/\/klgsnt.pl\/wp-content\/uploads\/2024\/02\/2.jpg 553w\" sizes=\"(max-width: 300px) 100vw, 300px\" \/>\t\t\t\t\t\t\t\t\t\t\t\t\t\t\t<\/div>\n\t\t\t\t<\/div>\n\t\t\t\t\t<\/div>\n\t\t<\/div>\n\t\t\t\t\t<\/div>\n\t\t<\/section>\n\t\t\t\t<section class=\"elementor-section elementor-top-section elementor-element elementor-element-f0ed45e elementor-section-boxed elementor-section-height-default elementor-section-height-default\" data-id=\"f0ed45e\" data-element_type=\"section\">\n\t\t\t\t\t\t<div class=\"elementor-container elementor-column-gap-default\">\n\t\t\t\t\t<div class=\"elementor-column elementor-col-100 elementor-top-column elementor-element elementor-element-61eab51\" data-id=\"61eab51\" data-element_type=\"column\">\n\t\t\t<div class=\"elementor-widget-wrap elementor-element-populated\">\n\t\t\t\t\t\t<div class=\"elementor-element elementor-element-bcc7c51 elementor-widget elementor-widget-text-editor\" data-id=\"bcc7c51\" data-element_type=\"widget\" data-widget_type=\"text-editor.default\">\n\t\t\t\t<div class=\"elementor-widget-container\">\n\t\t\t\t\t\t\t\t\t<p>Na etapie projektowania cz\u0119\u015bci i koncepcji formy wykorzystujemy najnowsze wersje oprogramowa\u0144: <br \/>Solid Edge,Creo, Moldex, EDGECAM, SolidWorks, VISI.<\/p>\t\t\t\t\t\t\t\t<\/div>\n\t\t\t\t<\/div>\n\t\t\t\t\t<\/div>\n\t\t<\/div>\n\t\t\t\t\t<\/div>\n\t\t<\/section>\n\t\t\t\t<section class=\"elementor-section elementor-top-section elementor-element elementor-element-5edf2ab elementor-section-boxed elementor-section-height-default elementor-section-height-default\" data-id=\"5edf2ab\" data-element_type=\"section\">\n\t\t\t\t\t\t<div class=\"elementor-container elementor-column-gap-default\">\n\t\t\t\t\t<div class=\"elementor-column elementor-col-25 elementor-top-column elementor-element elementor-element-15b454c\" data-id=\"15b454c\" data-element_type=\"column\">\n\t\t\t<div class=\"elementor-widget-wrap elementor-element-populated\">\n\t\t\t\t\t\t<div class=\"elementor-element elementor-element-dc76a72 elementor-widget elementor-widget-image\" data-id=\"dc76a72\" data-element_type=\"widget\" data-widget_type=\"image.default\">\n\t\t\t\t<div class=\"elementor-widget-container\">\n\t\t\t\t\t\t\t\t\t\t\t\t\t\t\t<img loading=\"lazy\" decoding=\"async\" width=\"553\" height=\"125\" src=\"https:\/\/klgsnt.pl\/wp-content\/uploads\/2024\/02\/3-1.jpg\" class=\"attachment-large size-large wp-image-1008\" alt=\"\" srcset=\"https:\/\/klgsnt.pl\/wp-content\/uploads\/2024\/02\/3-1.jpg 553w, https:\/\/klgsnt.pl\/wp-content\/uploads\/2024\/02\/3-1-300x68.jpg 300w\" sizes=\"(max-width: 553px) 100vw, 553px\" \/>\t\t\t\t\t\t\t\t\t\t\t\t\t\t\t<\/div>\n\t\t\t\t<\/div>\n\t\t\t\t\t<\/div>\n\t\t<\/div>\n\t\t\t\t<div class=\"elementor-column elementor-col-25 elementor-top-column elementor-element elementor-element-ecbe410\" data-id=\"ecbe410\" data-element_type=\"column\">\n\t\t\t<div class=\"elementor-widget-wrap elementor-element-populated\">\n\t\t\t\t\t\t<div class=\"elementor-element elementor-element-7ea5ea5 elementor-widget elementor-widget-image\" data-id=\"7ea5ea5\" data-element_type=\"widget\" data-widget_type=\"image.default\">\n\t\t\t\t<div class=\"elementor-widget-container\">\n\t\t\t\t\t\t\t\t\t\t\t\t\t\t\t<img loading=\"lazy\" decoding=\"async\" width=\"553\" height=\"125\" src=\"https:\/\/klgsnt.pl\/wp-content\/uploads\/2024\/02\/2-1.jpg\" class=\"attachment-large size-large wp-image-1009\" alt=\"\" srcset=\"https:\/\/klgsnt.pl\/wp-content\/uploads\/2024\/02\/2-1.jpg 553w, https:\/\/klgsnt.pl\/wp-content\/uploads\/2024\/02\/2-1-300x68.jpg 300w\" sizes=\"(max-width: 553px) 100vw, 553px\" \/>\t\t\t\t\t\t\t\t\t\t\t\t\t\t\t<\/div>\n\t\t\t\t<\/div>\n\t\t\t\t\t<\/div>\n\t\t<\/div>\n\t\t\t\t<div class=\"elementor-column elementor-col-25 elementor-top-column elementor-element elementor-element-740fa9e\" data-id=\"740fa9e\" data-element_type=\"column\">\n\t\t\t<div class=\"elementor-widget-wrap elementor-element-populated\">\n\t\t\t\t\t\t<div class=\"elementor-element elementor-element-5c4c1e1 elementor-widget elementor-widget-image\" data-id=\"5c4c1e1\" data-element_type=\"widget\" data-widget_type=\"image.default\">\n\t\t\t\t<div class=\"elementor-widget-container\">\n\t\t\t\t\t\t\t\t\t\t\t\t\t\t\t<img loading=\"lazy\" decoding=\"async\" width=\"553\" height=\"125\" src=\"https:\/\/klgsnt.pl\/wp-content\/uploads\/2024\/02\/5-1.jpg\" class=\"attachment-large size-large wp-image-1006\" alt=\"\" srcset=\"https:\/\/klgsnt.pl\/wp-content\/uploads\/2024\/02\/5-1.jpg 553w, https:\/\/klgsnt.pl\/wp-content\/uploads\/2024\/02\/5-1-300x68.jpg 300w\" sizes=\"(max-width: 553px) 100vw, 553px\" \/>\t\t\t\t\t\t\t\t\t\t\t\t\t\t\t<\/div>\n\t\t\t\t<\/div>\n\t\t\t\t\t<\/div>\n\t\t<\/div>\n\t\t\t\t<div class=\"elementor-column elementor-col-25 elementor-top-column elementor-element elementor-element-fdbfbdc\" data-id=\"fdbfbdc\" data-element_type=\"column\">\n\t\t\t<div class=\"elementor-widget-wrap elementor-element-populated\">\n\t\t\t\t\t\t<div class=\"elementor-element elementor-element-7e3e921 elementor-widget elementor-widget-image\" data-id=\"7e3e921\" data-element_type=\"widget\" data-widget_type=\"image.default\">\n\t\t\t\t<div class=\"elementor-widget-container\">\n\t\t\t\t\t\t\t\t\t\t\t\t\t\t\t<img loading=\"lazy\" decoding=\"async\" width=\"553\" height=\"125\" src=\"https:\/\/klgsnt.pl\/wp-content\/uploads\/2024\/02\/4-1.jpg\" class=\"attachment-large size-large wp-image-1007\" alt=\"\" srcset=\"https:\/\/klgsnt.pl\/wp-content\/uploads\/2024\/02\/4-1.jpg 553w, https:\/\/klgsnt.pl\/wp-content\/uploads\/2024\/02\/4-1-300x68.jpg 300w\" sizes=\"(max-width: 553px) 100vw, 553px\" \/>\t\t\t\t\t\t\t\t\t\t\t\t\t\t\t<\/div>\n\t\t\t\t<\/div>\n\t\t\t\t\t<\/div>\n\t\t<\/div>\n\t\t\t\t\t<\/div>\n\t\t<\/section>\n\t\t\t\t<section class=\"elementor-section elementor-top-section elementor-element elementor-element-9784628 elementor-section-boxed elementor-section-height-default elementor-section-height-default\" data-id=\"9784628\" data-element_type=\"section\">\n\t\t\t\t\t\t<div class=\"elementor-container elementor-column-gap-default\">\n\t\t\t\t\t<div class=\"elementor-column elementor-col-25 elementor-top-column elementor-element elementor-element-428ecb0\" data-id=\"428ecb0\" data-element_type=\"column\">\n\t\t\t<div class=\"elementor-widget-wrap\">\n\t\t\t\t\t\t\t<\/div>\n\t\t<\/div>\n\t\t\t\t<div class=\"elementor-column elementor-col-25 elementor-top-column elementor-element elementor-element-f058d01\" data-id=\"f058d01\" data-element_type=\"column\">\n\t\t\t<div class=\"elementor-widget-wrap elementor-element-populated\">\n\t\t\t\t\t\t<div class=\"elementor-element elementor-element-0219160 elementor-widget elementor-widget-image\" data-id=\"0219160\" data-element_type=\"widget\" data-widget_type=\"image.default\">\n\t\t\t\t<div class=\"elementor-widget-container\">\n\t\t\t\t\t\t\t\t\t\t\t\t\t\t\t<img loading=\"lazy\" decoding=\"async\" width=\"553\" height=\"125\" src=\"https:\/\/klgsnt.pl\/wp-content\/uploads\/2024\/02\/1-1.jpg\" class=\"attachment-large size-large wp-image-1010\" alt=\"\" srcset=\"https:\/\/klgsnt.pl\/wp-content\/uploads\/2024\/02\/1-1.jpg 553w, https:\/\/klgsnt.pl\/wp-content\/uploads\/2024\/02\/1-1-300x68.jpg 300w\" sizes=\"(max-width: 553px) 100vw, 553px\" \/>\t\t\t\t\t\t\t\t\t\t\t\t\t\t\t<\/div>\n\t\t\t\t<\/div>\n\t\t\t\t\t<\/div>\n\t\t<\/div>\n\t\t\t\t<div class=\"elementor-column elementor-col-25 elementor-top-column elementor-element elementor-element-29269dd\" data-id=\"29269dd\" data-element_type=\"column\">\n\t\t\t<div class=\"elementor-widget-wrap elementor-element-populated\">\n\t\t\t\t\t\t<div class=\"elementor-element elementor-element-687fdae elementor-widget elementor-widget-image\" data-id=\"687fdae\" data-element_type=\"widget\" data-widget_type=\"image.default\">\n\t\t\t\t<div class=\"elementor-widget-container\">\n\t\t\t\t\t\t\t\t\t\t\t\t\t\t\t<img loading=\"lazy\" decoding=\"async\" width=\"553\" height=\"125\" src=\"https:\/\/klgsnt.pl\/wp-content\/uploads\/2024\/02\/6.jpg\" class=\"attachment-large size-large wp-image-1005\" alt=\"\" srcset=\"https:\/\/klgsnt.pl\/wp-content\/uploads\/2024\/02\/6.jpg 553w, https:\/\/klgsnt.pl\/wp-content\/uploads\/2024\/02\/6-300x68.jpg 300w\" sizes=\"(max-width: 553px) 100vw, 553px\" \/>\t\t\t\t\t\t\t\t\t\t\t\t\t\t\t<\/div>\n\t\t\t\t<\/div>\n\t\t\t\t\t<\/div>\n\t\t<\/div>\n\t\t\t\t<div class=\"elementor-column elementor-col-25 elementor-top-column elementor-element elementor-element-69d69f8\" data-id=\"69d69f8\" data-element_type=\"column\">\n\t\t\t<div class=\"elementor-widget-wrap\">\n\t\t\t\t\t\t\t<\/div>\n\t\t<\/div>\n\t\t\t\t\t<\/div>\n\t\t<\/section>\n\t\t\t\t<\/div>\n\t\t","protected":false},"excerpt":{"rendered":"<p>Nasza narz\u0119dziownia wyposa\u017cona jest w nowoczesne obrabiarki. Korzystamy znajnowocze\u015bniejszej maszyny, dzi\u0119ki kt\u00f3rej panele o maksymalnym rozmiarze o wymiarach496 x 696 mm mog\u0105 by\u0107 obrabiane. W naszej narz\u0119dziowni dysponujemy maszynami CNC:&#8211; Centrum frezuj\u0105ce Mikron VCE 800 Pro&#8211; Centrum frezuj\u0105ce HAAS&#8211; Dr\u0105\u017carka wg\u0142\u0119bna Roboform 5550&#8211; Elektrodr\u0105\u017carka drutowa Robocut \u03b1-C400iB oraz konwencjonalnymi obrabiarkami:&#8211; Tokarki: TVM oraz MEVSER&#8211; Szlifierki: [&hellip;]<\/p>\n","protected":false},"author":1,"featured_media":0,"parent":0,"menu_order":0,"comment_status":"closed","ping_status":"closed","template":"","meta":{"footnotes":""},"class_list":["post-994","page","type-page","status-publish","hentry"],"_links":{"self":[{"href":"https:\/\/klgsnt.pl\/index.php?rest_route=\/wp\/v2\/pages\/994","targetHints":{"allow":["GET"]}}],"collection":[{"href":"https:\/\/klgsnt.pl\/index.php?rest_route=\/wp\/v2\/pages"}],"about":[{"href":"https:\/\/klgsnt.pl\/index.php?rest_route=\/wp\/v2\/types\/page"}],"author":[{"embeddable":true,"href":"https:\/\/klgsnt.pl\/index.php?rest_route=\/wp\/v2\/users\/1"}],"replies":[{"embeddable":true,"href":"https:\/\/klgsnt.pl\/index.php?rest_route=%2Fwp%2Fv2%2Fcomments&post=994"}],"version-history":[{"count":33,"href":"https:\/\/klgsnt.pl\/index.php?rest_route=\/wp\/v2\/pages\/994\/revisions"}],"predecessor-version":[{"id":1263,"href":"https:\/\/klgsnt.pl\/index.php?rest_route=\/wp\/v2\/pages\/994\/revisions\/1263"}],"wp:attachment":[{"href":"https:\/\/klgsnt.pl\/index.php?rest_route=%2Fwp%2Fv2%2Fmedia&parent=994"}],"curies":[{"name":"wp","href":"https:\/\/api.w.org\/{rel}","templated":true}]}}