{"id":704,"date":"2023-10-19T16:48:13","date_gmt":"2023-10-19T14:48:13","guid":{"rendered":"http:\/\/klgsnt.pl\/?page_id=704"},"modified":"2024-03-20T10:22:56","modified_gmt":"2024-03-20T09:22:56","slug":"roboform-550%ce%b3","status":"publish","type":"page","link":"https:\/\/klgsnt.pl\/?page_id=704","title":{"rendered":"ROBOFORM 550\u03b3"},"content":{"rendered":"\t\t<div data-elementor-type=\"wp-page\" data-elementor-id=\"704\" class=\"elementor elementor-704\">\n\t\t\t\t\t\t<section class=\"elementor-section elementor-top-section elementor-element elementor-element-b89a17c elementor-section-boxed elementor-section-height-default elementor-section-height-default\" data-id=\"b89a17c\" data-element_type=\"section\">\n\t\t\t\t\t\t<div class=\"elementor-container elementor-column-gap-default\">\n\t\t\t\t\t<div class=\"elementor-column elementor-col-100 elementor-top-column elementor-element elementor-element-dfacb8b\" data-id=\"dfacb8b\" data-element_type=\"column\">\n\t\t\t<div class=\"elementor-widget-wrap elementor-element-populated\">\n\t\t\t\t\t\t<div class=\"elementor-element elementor-element-5ef2a04 elementor-widget elementor-widget-text-editor\" data-id=\"5ef2a04\" data-element_type=\"widget\" data-widget_type=\"text-editor.default\">\n\t\t\t\t<div class=\"elementor-widget-container\">\n\t\t\t\t\t\t\t\t\t<h2><span style=\"font-size: 14pt;\"><b>Zapraszamy Pa\u0144stwa do skorzystania z us\u0142ugi dr\u0105\u017cenia wg\u0142\u0119bnego, kt\u00f3r\u0105 dostosowali\u015bmy do potrzeb naszych Klient\u00f3w.<\/b><\/span><\/h2>\t\t\t\t\t\t\t\t<\/div>\n\t\t\t\t<\/div>\n\t\t\t\t\t<\/div>\n\t\t<\/div>\n\t\t\t\t\t<\/div>\n\t\t<\/section>\n\t\t\t\t<section class=\"elementor-section elementor-top-section elementor-element elementor-element-e466ee4 elementor-section-boxed elementor-section-height-default elementor-section-height-default\" data-id=\"e466ee4\" data-element_type=\"section\">\n\t\t\t\t\t\t<div class=\"elementor-container elementor-column-gap-default\">\n\t\t\t\t\t<div class=\"elementor-column elementor-col-100 elementor-top-column elementor-element elementor-element-347f71f\" data-id=\"347f71f\" data-element_type=\"column\">\n\t\t\t<div class=\"elementor-widget-wrap elementor-element-populated\">\n\t\t\t\t\t\t<section class=\"elementor-section elementor-inner-section elementor-element elementor-element-6f19786 elementor-section-boxed elementor-section-height-default elementor-section-height-default\" data-id=\"6f19786\" data-element_type=\"section\">\n\t\t\t\t\t\t<div class=\"elementor-container elementor-column-gap-default\">\n\t\t\t\t\t<div class=\"elementor-column elementor-col-50 elementor-inner-column elementor-element elementor-element-3f4efaa\" data-id=\"3f4efaa\" data-element_type=\"column\">\n\t\t\t<div class=\"elementor-widget-wrap elementor-element-populated\">\n\t\t\t\t\t\t<div class=\"elementor-element elementor-element-d737791 elementor-widget elementor-widget-text-editor\" data-id=\"d737791\" data-element_type=\"widget\" data-widget_type=\"text-editor.default\">\n\t\t\t\t<div class=\"elementor-widget-container\">\n\t\t\t\t\t\t\t\t\t<p><b>Oferujemy Pa\u0144stwu:<\/b><br \/>&#8211; us\u0142ug\u0119 dr\u0105\u017cenia wg\u0142\u0119bnego z wykorzystaniem elektrod powierzonych<br \/>(wymagany system mocowania EROWA),<br \/>&#8211; us\u0142ug\u0119 dr\u0105\u017cenia wg\u0142\u0119bnego po\u0142\u0105czon\u0105 z zaprojektowaniem<br \/>i wykonaniem elektrod miedzianych lub grafitowych.<\/p><p><b>Wymiary sto\u0142u i detalu:<\/b><br \/>&#8211; wymiary sto\u0142u: 750 x 600<br \/>&#8211; maksymalny wymiar detalu <b>(X,Y)<\/b>: 600 x 400<br \/>&#8211; wymiar w osi <b>Z<\/b> uzale\u017cniony jest od g\u0142\u0119boko\u015bci dr\u0105\u017cenia<\/p>\t\t\t\t\t\t\t\t<\/div>\n\t\t\t\t<\/div>\n\t\t\t\t\t<\/div>\n\t\t<\/div>\n\t\t\t\t<div class=\"elementor-column elementor-col-50 elementor-inner-column elementor-element elementor-element-1b80a80\" data-id=\"1b80a80\" data-element_type=\"column\">\n\t\t\t<div class=\"elementor-widget-wrap elementor-element-populated\">\n\t\t\t\t\t\t<div class=\"elementor-element elementor-element-34f1180 elementor-widget elementor-widget-image\" data-id=\"34f1180\" data-element_type=\"widget\" data-widget_type=\"image.default\">\n\t\t\t\t<div class=\"elementor-widget-container\">\n\t\t\t\t\t\t\t\t\t\t\t\t\t\t\t<img decoding=\"async\" src=\"https:\/\/klgsnt.pl\/wp-content\/uploads\/elementor\/thumbs\/roboform-550-qe3eo25srbryjkxuylv3l5p04o2c9oam5e35vgg9t8.jpg\" title=\"roboform-550\" alt=\"roboform-550\" loading=\"lazy\" \/>\t\t\t\t\t\t\t\t\t\t\t\t\t\t\t<\/div>\n\t\t\t\t<\/div>\n\t\t\t\t\t<\/div>\n\t\t<\/div>\n\t\t\t\t\t<\/div>\n\t\t<\/section>\n\t\t\t\t\t<\/div>\n\t\t<\/div>\n\t\t\t\t\t<\/div>\n\t\t<\/section>\n\t\t\t\t<section class=\"elementor-section elementor-top-section elementor-element elementor-element-a7a10be elementor-section-boxed elementor-section-height-default elementor-section-height-default\" data-id=\"a7a10be\" data-element_type=\"section\">\n\t\t\t\t\t\t<div class=\"elementor-container elementor-column-gap-default\">\n\t\t\t\t\t<div class=\"elementor-column elementor-col-50 elementor-top-column elementor-element elementor-element-a8c173b\" data-id=\"a8c173b\" data-element_type=\"column\">\n\t\t\t<div class=\"elementor-widget-wrap elementor-element-populated\">\n\t\t\t\t\t\t<div class=\"elementor-element elementor-element-8e16889 elementor-widget elementor-widget-text-editor\" data-id=\"8e16889\" data-element_type=\"widget\" data-widget_type=\"text-editor.default\">\n\t\t\t\t<div class=\"elementor-widget-container\">\n\t\t\t\t\t\t\t\t\t<p><b>Waga detalu:<\/b> do 1 600 kg<br \/><b>Dok\u0142adno\u015b\u0107 pozycjonowania:<\/b> 0,001 mm<br \/><b>Warto\u015b\u0107 chropowato\u015bci:<\/b> od CH 35 do CH 0 (Ra 5.6 do Ra 0.1 &#8211; \u00a0w zale\u017cno\u015bci od zastosowanego materia\u0142u dr\u0105\u017conego i materia\u0142u z jakiego wykonana jest elektroda)<br \/><br \/><b>Materia\u0142 na elektrody \u2192 materia\u0142 detalu, jaki mo\u017cna nimi dr\u0105\u017cy\u0107:<\/b><br \/>Mied\u017a \u2192 Stal<br \/>Grafit \u2192 Stal<br \/>Mied\u017a \u2192 Aluminium<br \/>Grafit \u2192 Ampcoloy<br \/>Grafit \u2192 Aluminium<br \/>Miedzio-wolfram \u2192 W\u0119glik<br \/>Miedzio-wolfram \u2192 Stal<br \/>Stal \u2192 Stal<br \/>Grafit \u2192 Tytan<br \/>Mied\u017a \u2192 Mied\u017a<\/p>\t\t\t\t\t\t\t\t<\/div>\n\t\t\t\t<\/div>\n\t\t\t\t\t<\/div>\n\t\t<\/div>\n\t\t\t\t<div class=\"elementor-column elementor-col-50 elementor-top-column elementor-element elementor-element-a7c31a0\" data-id=\"a7c31a0\" data-element_type=\"column\">\n\t\t\t<div class=\"elementor-widget-wrap elementor-element-populated\">\n\t\t\t\t\t\t<div class=\"elementor-element elementor-element-6917e6e elementor-widget elementor-widget-image\" data-id=\"6917e6e\" data-element_type=\"widget\" data-widget_type=\"image.default\">\n\t\t\t\t<div class=\"elementor-widget-container\">\n\t\t\t\t\t\t\t\t\t\t\t\t\t\t\t<img decoding=\"async\" src=\"https:\/\/klgsnt.pl\/wp-content\/uploads\/elementor\/thumbs\/IMG_20231010_120722-qe3evw5exh96wxfrtcgk4zc4ju01tyuriyknn0a71q.jpg\" title=\"IMG_20231010_120722\" alt=\"IMG_20231010_120722\" loading=\"lazy\" \/>\t\t\t\t\t\t\t\t\t\t\t\t\t\t\t<\/div>\n\t\t\t\t<\/div>\n\t\t\t\t<div class=\"elementor-element elementor-element-a9d6b65 elementor-widget elementor-widget-image\" data-id=\"a9d6b65\" data-element_type=\"widget\" data-widget_type=\"image.default\">\n\t\t\t\t<div class=\"elementor-widget-container\">\n\t\t\t\t\t\t\t\t\t\t\t\t\t\t\t<img decoding=\"async\" src=\"https:\/\/klgsnt.pl\/wp-content\/uploads\/elementor\/thumbs\/IMG_20231010_120716-qe3evw5exh96wxfrtcgk4zc4ju01tyuriyknn0a71q.jpg\" title=\"IMG_20231010_120716\" alt=\"IMG_20231010_120716\" loading=\"lazy\" \/>\t\t\t\t\t\t\t\t\t\t\t\t\t\t\t<\/div>\n\t\t\t\t<\/div>\n\t\t\t\t\t<\/div>\n\t\t<\/div>\n\t\t\t\t\t<\/div>\n\t\t<\/section>\n\t\t\t\t<\/div>\n\t\t","protected":false},"excerpt":{"rendered":"<p>Zapraszamy Pa\u0144stwa do skorzystania z us\u0142ugi dr\u0105\u017cenia wg\u0142\u0119bnego, kt\u00f3r\u0105 dostosowali\u015bmy do potrzeb naszych Klient\u00f3w. Oferujemy Pa\u0144stwu:&#8211; us\u0142ug\u0119 dr\u0105\u017cenia wg\u0142\u0119bnego z wykorzystaniem elektrod powierzonych(wymagany system mocowania EROWA),&#8211; us\u0142ug\u0119 dr\u0105\u017cenia wg\u0142\u0119bnego po\u0142\u0105czon\u0105 z zaprojektowaniemi wykonaniem elektrod miedzianych lub grafitowych. Wymiary sto\u0142u i detalu:&#8211; wymiary sto\u0142u: 750 x 600&#8211; maksymalny wymiar detalu (X,Y): 600 x 400&#8211; wymiar w [&hellip;]<\/p>\n","protected":false},"author":1,"featured_media":0,"parent":0,"menu_order":0,"comment_status":"closed","ping_status":"closed","template":"","meta":{"footnotes":""},"class_list":["post-704","page","type-page","status-publish","hentry"],"_links":{"self":[{"href":"https:\/\/klgsnt.pl\/index.php?rest_route=\/wp\/v2\/pages\/704","targetHints":{"allow":["GET"]}}],"collection":[{"href":"https:\/\/klgsnt.pl\/index.php?rest_route=\/wp\/v2\/pages"}],"about":[{"href":"https:\/\/klgsnt.pl\/index.php?rest_route=\/wp\/v2\/types\/page"}],"author":[{"embeddable":true,"href":"https:\/\/klgsnt.pl\/index.php?rest_route=\/wp\/v2\/users\/1"}],"replies":[{"embeddable":true,"href":"https:\/\/klgsnt.pl\/index.php?rest_route=%2Fwp%2Fv2%2Fcomments&post=704"}],"version-history":[{"count":22,"href":"https:\/\/klgsnt.pl\/index.php?rest_route=\/wp\/v2\/pages\/704\/revisions"}],"predecessor-version":[{"id":1257,"href":"https:\/\/klgsnt.pl\/index.php?rest_route=\/wp\/v2\/pages\/704\/revisions\/1257"}],"wp:attachment":[{"href":"https:\/\/klgsnt.pl\/index.php?rest_route=%2Fwp%2Fv2%2Fmedia&parent=704"}],"curies":[{"name":"wp","href":"https:\/\/api.w.org\/{rel}","templated":true}]}}