{"id":453,"date":"2020-08-24T12:44:23","date_gmt":"2020-08-24T10:44:23","guid":{"rendered":"http:\/\/klgsnt.propcnet.pl\/?page_id=453"},"modified":"2024-03-21T09:44:44","modified_gmt":"2024-03-21T08:44:44","slug":"elementor-453","status":"publish","type":"page","link":"https:\/\/klgsnt.pl\/?page_id=453","title":{"rendered":"O nas"},"content":{"rendered":"\t\t<div data-elementor-type=\"wp-page\" data-elementor-id=\"453\" class=\"elementor elementor-453\">\n\t\t\t\t\t\t<section class=\"elementor-section elementor-top-section elementor-element elementor-element-4adb655 elementor-section-boxed elementor-section-height-default elementor-section-height-default\" data-id=\"4adb655\" data-element_type=\"section\">\n\t\t\t\t\t\t<div class=\"elementor-container elementor-column-gap-default\">\n\t\t\t\t\t<div class=\"elementor-column elementor-col-100 elementor-top-column elementor-element elementor-element-fb8a254\" data-id=\"fb8a254\" data-element_type=\"column\">\n\t\t\t<div class=\"elementor-widget-wrap elementor-element-populated\">\n\t\t\t\t\t\t<div class=\"elementor-element elementor-element-01269c1 elementor-widget elementor-widget-heading\" data-id=\"01269c1\" data-element_type=\"widget\" data-widget_type=\"heading.default\">\n\t\t\t\t<div class=\"elementor-widget-container\">\n\t\t\t\t\t<h2 class=\"elementor-heading-title elementor-size-default\">\nKim jeste\u015bmy?<\/h2>\t\t\t\t<\/div>\n\t\t\t\t<\/div>\n\t\t\t\t\t<\/div>\n\t\t<\/div>\n\t\t\t\t\t<\/div>\n\t\t<\/section>\n\t\t\t\t<section class=\"elementor-section elementor-top-section elementor-element elementor-element-62252ba elementor-section-boxed elementor-section-height-default elementor-section-height-default\" data-id=\"62252ba\" data-element_type=\"section\">\n\t\t\t\t\t\t<div class=\"elementor-container elementor-column-gap-default\">\n\t\t\t\t\t<div class=\"elementor-column elementor-col-100 elementor-top-column elementor-element elementor-element-52e6bfc\" data-id=\"52e6bfc\" data-element_type=\"column\">\n\t\t\t<div class=\"elementor-widget-wrap elementor-element-populated\">\n\t\t\t\t\t\t<div class=\"elementor-element elementor-element-a756744 elementor-widget elementor-widget-text-editor\" data-id=\"a756744\" data-element_type=\"widget\" data-widget_type=\"text-editor.default\">\n\t\t\t\t<div class=\"elementor-widget-container\">\n\t\t\t\t\t\t\t\t\t<p>Jeste\u015bmy in\u017cynierami z wieloletnim do\u015bwiadczeniem w projektowaniu i wykonawstwie form wtryskowych. Naszym Klientom oferujemy kompleksow\u0105 obs\u0142ug\u0119 pocz\u0105wszy od projektowania detali poprzez pe\u0142ne wsparcie konstrukcyjne: symulacje wtrysku detalu, analizy technologiczno\u015bci, optymalizacje konstrukcji detalu a\u017c po wykonanie prototypowych oraz produkcyjnych form wtryskowych do produkcji w technologii 1- lub 2-komponentowej. Zapewniamy tak\u017ce utrzymanie i serwis powierzonych form wtryskowych i narz\u0119dzi.<\/p><p>Wychodz\u0105c naprzeciw rosn\u0105cym oczekiwaniom naszych Klient\u00f3w oraz w celu zapewnienia najlepszej jako\u015bci us\u0142ug, w swojej pracy wdra\u017camy w\u0142asne, cz\u0119sto nietypowe rozwi\u0105zania.<\/p><p>W naszej ofercie znajd\u0105 Pa\u0144stwo r\u00f3wnie\u017c opcj\u0119 wykorzystania uniwersalnych skrzynek prototypowych, dzi\u0119ki kt\u00f3rym produkcja detali w ma\u0142ych seriach prototypowych bez konieczno\u015bci ponoszenia koszt\u00f3w budowy ca\u0142ej formy jest mo\u017cliwa.<\/p><p>Zach\u0119camy do zapoznania si\u0119 ze szczeg\u00f3\u0142ami: https:\/\/klgs.pl\/blog\/nowosci-klgs\/<\/p><p>Nasze do\u015bwiadczenie w zakresie projektowania oraz budowy form, podczas kt\u00f3rych niejednokrotnie mierzyli\u015bmy si\u0119 z wieloma trudnymi zagadnieniami technologicznymi sprawi\u0142o, \u017ce z sukcesem wykorzystujemy nowinki technologiczne i materia\u0142owe, a nasze inwestycje w nowe technologie i w prace B+R przynosz\u0105 naszym Klientom z bran\u017c elektronicznej, elektromaszynowej, energetycznej, motoryzacyjnej, sprz\u0119tu gospodarstwa domowego, budowlanej, medycznej, kosmetycznej oraz rehabilitacyjnej wymierne korzy\u015bci.<\/p><p>Jako partner biznesowy dla licz\u0105cych si\u0119 na rynku Klient\u00f3w uczestniczymy w ich rozwoju wspieraj\u0105c ich na ka\u017cdym etapie produkcyjnym.<\/p>\t\t\t\t\t\t\t\t<\/div>\n\t\t\t\t<\/div>\n\t\t\t\t\t<\/div>\n\t\t<\/div>\n\t\t\t\t\t<\/div>\n\t\t<\/section>\n\t\t\t\t<section class=\"elementor-section elementor-top-section elementor-element elementor-element-72404a3 elementor-section-boxed elementor-section-height-default elementor-section-height-default\" data-id=\"72404a3\" data-element_type=\"section\">\n\t\t\t\t\t\t<div class=\"elementor-container elementor-column-gap-default\">\n\t\t\t\t\t<div class=\"elementor-column elementor-col-100 elementor-top-column elementor-element elementor-element-a4734da\" data-id=\"a4734da\" data-element_type=\"column\">\n\t\t\t<div class=\"elementor-widget-wrap elementor-element-populated\">\n\t\t\t\t\t\t<div class=\"elementor-element elementor-element-cbc91fc elementor-widget elementor-widget-heading\" data-id=\"cbc91fc\" data-element_type=\"widget\" data-widget_type=\"heading.default\">\n\t\t\t\t<div class=\"elementor-widget-container\">\n\t\t\t\t\t<h2 class=\"elementor-heading-title elementor-size-default\">Co robimy?<\/h2>\t\t\t\t<\/div>\n\t\t\t\t<\/div>\n\t\t\t\t\t<\/div>\n\t\t<\/div>\n\t\t\t\t\t<\/div>\n\t\t<\/section>\n\t\t\t\t<section class=\"elementor-section elementor-top-section elementor-element elementor-element-4bc23ca elementor-section-boxed elementor-section-height-default elementor-section-height-default\" data-id=\"4bc23ca\" data-element_type=\"section\">\n\t\t\t\t\t\t<div class=\"elementor-container elementor-column-gap-default\">\n\t\t\t\t\t<div class=\"elementor-column elementor-col-100 elementor-top-column elementor-element elementor-element-b558ee3\" data-id=\"b558ee3\" data-element_type=\"column\">\n\t\t\t<div class=\"elementor-widget-wrap elementor-element-populated\">\n\t\t\t\t\t\t<div class=\"elementor-element elementor-element-37fc51f elementor-widget elementor-widget-text-editor\" data-id=\"37fc51f\" data-element_type=\"widget\" data-widget_type=\"text-editor.default\">\n\t\t\t\t<div class=\"elementor-widget-container\">\n\t\t\t\t\t\t\t\t\t<p>Zdajemy sobie spraw\u0119, \u017ce nasi Klienci oczekuj\u0105 innowacyjnych rozwi\u0105za\u0144, by m\u00f3c oferowa\u0107 wyroby konkurencyjne i atrakcyjne dla swoich konsument\u00f3w.<\/p>\n<p>Dlatego te\u017c:<\/p>\n<p>\u2713 wdra\u017camy nowe i rozwijamy istniej\u0105ce ju\u017c rozwi\u0105zania,<br>\u2713 poszerzamy swoje zaplecze narz\u0119dziowe oraz park maszynowy,<br>\u2713 oferujemy us\u0142ug\u0119 elektroerozyjnego ci\u0119cia drutem oraz dr\u0105\u017cenia wg\u0142\u0119bnego,<br>\u2713 zapewniamy kompleksow\u0105 obs\u0142ug\u0119 na ka\u017cdym etapie produkcyjnym,<br>\u2713 realizujemy projekty badawczo-rozwojowe odnajduj\u0105c nowe rozwi\u0105zania technologiczne b\u0119d\u0105ce odpowiedzi\u0105 na potrzeby naszych Klient\u00f3w.<\/p>\t\t\t\t\t\t\t\t<\/div>\n\t\t\t\t<\/div>\n\t\t\t\t\t<\/div>\n\t\t<\/div>\n\t\t\t\t\t<\/div>\n\t\t<\/section>\n\t\t\t\t<\/div>\n\t\t","protected":false},"excerpt":{"rendered":"<p>Kim jeste\u015bmy? Jeste\u015bmy in\u017cynierami z wieloletnim do\u015bwiadczeniem w projektowaniu i wykonawstwie form wtryskowych. Naszym Klientom oferujemy kompleksow\u0105 obs\u0142ug\u0119 pocz\u0105wszy od projektowania detali poprzez pe\u0142ne wsparcie konstrukcyjne: symulacje wtrysku detalu, analizy technologiczno\u015bci, optymalizacje konstrukcji detalu a\u017c po wykonanie prototypowych oraz produkcyjnych form wtryskowych do produkcji w technologii 1- lub 2-komponentowej. Zapewniamy tak\u017ce utrzymanie i serwis powierzonych [&hellip;]<\/p>\n","protected":false},"author":1,"featured_media":0,"parent":0,"menu_order":0,"comment_status":"closed","ping_status":"closed","template":"","meta":{"footnotes":""},"class_list":["post-453","page","type-page","status-publish","hentry"],"_links":{"self":[{"href":"https:\/\/klgsnt.pl\/index.php?rest_route=\/wp\/v2\/pages\/453","targetHints":{"allow":["GET"]}}],"collection":[{"href":"https:\/\/klgsnt.pl\/index.php?rest_route=\/wp\/v2\/pages"}],"about":[{"href":"https:\/\/klgsnt.pl\/index.php?rest_route=\/wp\/v2\/types\/page"}],"author":[{"embeddable":true,"href":"https:\/\/klgsnt.pl\/index.php?rest_route=\/wp\/v2\/users\/1"}],"replies":[{"embeddable":true,"href":"https:\/\/klgsnt.pl\/index.php?rest_route=%2Fwp%2Fv2%2Fcomments&post=453"}],"version-history":[{"count":27,"href":"https:\/\/klgsnt.pl\/index.php?rest_route=\/wp\/v2\/pages\/453\/revisions"}],"predecessor-version":[{"id":1275,"href":"https:\/\/klgsnt.pl\/index.php?rest_route=\/wp\/v2\/pages\/453\/revisions\/1275"}],"wp:attachment":[{"href":"https:\/\/klgsnt.pl\/index.php?rest_route=%2Fwp%2Fv2%2Fmedia&parent=453"}],"curies":[{"name":"wp","href":"https:\/\/api.w.org\/{rel}","templated":true}]}}