{"id":1157,"date":"2024-03-13T10:25:59","date_gmt":"2024-03-13T09:25:59","guid":{"rendered":"http:\/\/klgsnt.propcnet.pl\/?page_id=1157"},"modified":"2024-03-13T10:45:06","modified_gmt":"2024-03-13T09:45:06","slug":"symulacja","status":"publish","type":"page","link":"https:\/\/klgsnt.pl\/?page_id=1157","title":{"rendered":"Symulacja"},"content":{"rendered":"\t\t<div data-elementor-type=\"wp-page\" data-elementor-id=\"1157\" class=\"elementor elementor-1157\">\n\t\t\t\t\t\t<section class=\"elementor-section elementor-top-section elementor-element elementor-element-88ca6ee elementor-section-boxed elementor-section-height-default elementor-section-height-default\" data-id=\"88ca6ee\" data-element_type=\"section\">\n\t\t\t\t\t\t<div class=\"elementor-container elementor-column-gap-default\">\n\t\t\t\t\t<div class=\"elementor-column elementor-col-100 elementor-top-column elementor-element elementor-element-17c7100\" data-id=\"17c7100\" data-element_type=\"column\">\n\t\t\t<div class=\"elementor-widget-wrap elementor-element-populated\">\n\t\t\t\t\t\t<div class=\"elementor-element elementor-element-f6b7564 elementor-widget elementor-widget-text-editor\" data-id=\"f6b7564\" data-element_type=\"widget\" data-widget_type=\"text-editor.default\">\n\t\t\t\t<div class=\"elementor-widget-container\">\n\t\t\t\t\t\t\t\t\t<p style=\"text-align: center;\"><span style=\"font-size: 18pt;\"><strong>Przeprowadzanie symulacji oraz analiza technologiczna<\/strong><\/span><\/p>\t\t\t\t\t\t\t\t<\/div>\n\t\t\t\t<\/div>\n\t\t\t\t\t<\/div>\n\t\t<\/div>\n\t\t\t\t\t<\/div>\n\t\t<\/section>\n\t\t\t\t<section class=\"elementor-section elementor-top-section elementor-element elementor-element-17b23bf elementor-section-boxed elementor-section-height-default elementor-section-height-default\" data-id=\"17b23bf\" data-element_type=\"section\">\n\t\t\t\t\t\t<div class=\"elementor-container elementor-column-gap-default\">\n\t\t\t\t\t<div class=\"elementor-column elementor-col-100 elementor-top-column elementor-element elementor-element-bfd8b4a\" data-id=\"bfd8b4a\" data-element_type=\"column\">\n\t\t\t<div class=\"elementor-widget-wrap elementor-element-populated\">\n\t\t\t\t\t\t<div class=\"elementor-element elementor-element-ad3c702 elementor-widget elementor-widget-text-editor\" data-id=\"ad3c702\" data-element_type=\"widget\" data-widget_type=\"text-editor.default\">\n\t\t\t\t<div class=\"elementor-widget-container\">\n\t\t\t\t\t\t\t\t\t<p>Szukacie Pa\u0144stwo partnera, kt\u00f3ry nie tylko dostarczy najwy\u017cszej jako\u015bci detale wtryskowych ale<br \/>r\u00f3wnie\u017c zastosuje najnowocze\u015bniejsze rozwi\u0105zania technologiczne?<br \/>Witamy w KLGS gdzie do\u015bwiadczenie oraz wysoka jako\u015b\u0107 wtrysku tworzyw sztucznych spotyka si\u0119 z<br \/>innowacyjno\u015bci\u0105 programu Moldex 3D.<\/p>\t\t\t\t\t\t\t\t<\/div>\n\t\t\t\t<\/div>\n\t\t\t\t\t<\/div>\n\t\t<\/div>\n\t\t\t\t\t<\/div>\n\t\t<\/section>\n\t\t\t\t<section class=\"elementor-section elementor-top-section elementor-element elementor-element-b5fceaa elementor-section-boxed elementor-section-height-default elementor-section-height-default\" data-id=\"b5fceaa\" data-element_type=\"section\">\n\t\t\t\t\t\t<div class=\"elementor-container elementor-column-gap-default\">\n\t\t\t\t\t<div class=\"elementor-column elementor-col-100 elementor-top-column elementor-element elementor-element-35c8951\" data-id=\"35c8951\" data-element_type=\"column\">\n\t\t\t<div class=\"elementor-widget-wrap elementor-element-populated\">\n\t\t\t\t\t\t<div class=\"elementor-element elementor-element-a82c052 elementor-widget elementor-widget-text-editor\" data-id=\"a82c052\" data-element_type=\"widget\" data-widget_type=\"text-editor.default\">\n\t\t\t\t<div class=\"elementor-widget-container\">\n\t\t\t\t\t\t\t\t\t<p><strong>Dlaczego Warto Wybra\u0107 Nasz\u0105 Firm\u0119:<\/strong><\/p>\t\t\t\t\t\t\t\t<\/div>\n\t\t\t\t<\/div>\n\t\t\t\t\t<\/div>\n\t\t<\/div>\n\t\t\t\t\t<\/div>\n\t\t<\/section>\n\t\t\t\t<section class=\"elementor-section elementor-top-section elementor-element elementor-element-d812fec elementor-section-boxed elementor-section-height-default elementor-section-height-default\" data-id=\"d812fec\" data-element_type=\"section\">\n\t\t\t\t\t\t<div class=\"elementor-container elementor-column-gap-default\">\n\t\t\t\t\t<div class=\"elementor-column elementor-col-50 elementor-top-column elementor-element elementor-element-4697d3d\" data-id=\"4697d3d\" data-element_type=\"column\">\n\t\t\t<div class=\"elementor-widget-wrap elementor-element-populated\">\n\t\t\t\t\t\t<div class=\"elementor-element elementor-element-6bc134a elementor-widget elementor-widget-text-editor\" data-id=\"6bc134a\" data-element_type=\"widget\" data-widget_type=\"text-editor.default\">\n\t\t\t\t<div class=\"elementor-widget-container\">\n\t\t\t\t\t\t\t\t\t<p><strong>Precyzyjny Wtrysk Tworzyw Sztucznych<\/strong><br \/>Oferujemy doskona\u0142\u0105 precyzj\u0119 detali wtryskiwanych dostosowan\u0105 do indywidualnych potrzeb Klienta.<br \/>Jeste\u015bmy w stanie za pomoc\u0105 symulacji obserwowa\u0107 proces wtryskiwania w najdrobniejszych szczeg\u00f3\u0142ach, identyfikuj\u0105c problemy i optymalizuj\u0105c parametry dla najlepszych wynik\u00f3w.<\/p>\t\t\t\t\t\t\t\t<\/div>\n\t\t\t\t<\/div>\n\t\t\t\t\t<\/div>\n\t\t<\/div>\n\t\t\t\t<div class=\"elementor-column elementor-col-50 elementor-top-column elementor-element elementor-element-8e379df\" data-id=\"8e379df\" data-element_type=\"column\">\n\t\t\t<div class=\"elementor-widget-wrap elementor-element-populated\">\n\t\t\t\t\t\t<div class=\"elementor-element elementor-element-2db6afd elementor-widget elementor-widget-image\" data-id=\"2db6afd\" data-element_type=\"widget\" data-widget_type=\"image.default\">\n\t\t\t\t<div class=\"elementor-widget-container\">\n\t\t\t\t\t\t\t\t\t\t\t\t\t\t\t<img fetchpriority=\"high\" decoding=\"async\" width=\"1024\" height=\"471\" src=\"https:\/\/klgsnt.pl\/wp-content\/uploads\/2024\/03\/26-Przeprowadzanie-symulacji-oraz-analiza-technologiczna-czytaj-dalej-1024x471.jpg\" class=\"attachment-large size-large wp-image-1159\" alt=\"\" srcset=\"https:\/\/klgsnt.pl\/wp-content\/uploads\/2024\/03\/26-Przeprowadzanie-symulacji-oraz-analiza-technologiczna-czytaj-dalej-1024x471.jpg 1024w, https:\/\/klgsnt.pl\/wp-content\/uploads\/2024\/03\/26-Przeprowadzanie-symulacji-oraz-analiza-technologiczna-czytaj-dalej-300x138.jpg 300w, https:\/\/klgsnt.pl\/wp-content\/uploads\/2024\/03\/26-Przeprowadzanie-symulacji-oraz-analiza-technologiczna-czytaj-dalej-768x353.jpg 768w, https:\/\/klgsnt.pl\/wp-content\/uploads\/2024\/03\/26-Przeprowadzanie-symulacji-oraz-analiza-technologiczna-czytaj-dalej.jpg 1204w\" sizes=\"(max-width: 1024px) 100vw, 1024px\" \/>\t\t\t\t\t\t\t\t\t\t\t\t\t\t\t<\/div>\n\t\t\t\t<\/div>\n\t\t\t\t\t<\/div>\n\t\t<\/div>\n\t\t\t\t\t<\/div>\n\t\t<\/section>\n\t\t\t\t<section class=\"elementor-section elementor-top-section elementor-element elementor-element-b3b6ea6 elementor-section-boxed elementor-section-height-default elementor-section-height-default\" data-id=\"b3b6ea6\" data-element_type=\"section\">\n\t\t\t\t\t\t<div class=\"elementor-container elementor-column-gap-default\">\n\t\t\t\t\t<div class=\"elementor-column elementor-col-100 elementor-top-column elementor-element elementor-element-fb50fa0\" data-id=\"fb50fa0\" data-element_type=\"column\">\n\t\t\t<div class=\"elementor-widget-wrap elementor-element-populated\">\n\t\t\t\t\t\t<div class=\"elementor-element elementor-element-2173989 elementor-widget elementor-widget-text-editor\" data-id=\"2173989\" data-element_type=\"widget\" data-widget_type=\"text-editor.default\">\n\t\t\t\t<div class=\"elementor-widget-container\">\n\t\t\t\t\t\t\t\t\t<p><strong>Ekspercka Analiza Materia\u0142\u00f3w<\/strong><br \/>Dzi\u0119ki naszej zaawansowanej analizie materia\u0142\u00f3w odkryj\u0105 Pa\u0144stwo jak r\u00f3\u017cne tworzywa spe\u0142ni\u0105<br \/>za\u0142o\u017cenia dla Pa\u0144stwa produktu. Precyzyjne symulacje przep\u0142ywu, temperatury i ci\u015bnienia<br \/>zagwarantuj\u0105 optymalne parametry finalnego detalu.<\/p>\t\t\t\t\t\t\t\t<\/div>\n\t\t\t\t<\/div>\n\t\t\t\t\t<\/div>\n\t\t<\/div>\n\t\t\t\t\t<\/div>\n\t\t<\/section>\n\t\t\t\t<section class=\"elementor-section elementor-top-section elementor-element elementor-element-a21989f elementor-section-boxed elementor-section-height-default elementor-section-height-default\" data-id=\"a21989f\" data-element_type=\"section\">\n\t\t\t\t\t\t<div class=\"elementor-container elementor-column-gap-default\">\n\t\t\t\t\t<div class=\"elementor-column elementor-col-50 elementor-top-column elementor-element elementor-element-bacedfd\" data-id=\"bacedfd\" data-element_type=\"column\">\n\t\t\t<div class=\"elementor-widget-wrap elementor-element-populated\">\n\t\t\t\t\t\t<div class=\"elementor-element elementor-element-c015ea8 elementor-widget elementor-widget-image\" data-id=\"c015ea8\" data-element_type=\"widget\" data-widget_type=\"image.default\">\n\t\t\t\t<div class=\"elementor-widget-container\">\n\t\t\t\t\t\t\t\t\t\t\t\t\t\t\t<img decoding=\"async\" width=\"1024\" height=\"544\" src=\"https:\/\/klgsnt.pl\/wp-content\/uploads\/2024\/03\/27-Przeprowadzanie-symulacji-oraz-analiza-technologiczna-czytaj-dalej-1024x544.png\" class=\"attachment-large size-large wp-image-1160\" alt=\"\" srcset=\"https:\/\/klgsnt.pl\/wp-content\/uploads\/2024\/03\/27-Przeprowadzanie-symulacji-oraz-analiza-technologiczna-czytaj-dalej-1024x544.png 1024w, https:\/\/klgsnt.pl\/wp-content\/uploads\/2024\/03\/27-Przeprowadzanie-symulacji-oraz-analiza-technologiczna-czytaj-dalej-300x159.png 300w, https:\/\/klgsnt.pl\/wp-content\/uploads\/2024\/03\/27-Przeprowadzanie-symulacji-oraz-analiza-technologiczna-czytaj-dalej-768x408.png 768w, https:\/\/klgsnt.pl\/wp-content\/uploads\/2024\/03\/27-Przeprowadzanie-symulacji-oraz-analiza-technologiczna-czytaj-dalej.png 1366w\" sizes=\"(max-width: 1024px) 100vw, 1024px\" \/>\t\t\t\t\t\t\t\t\t\t\t\t\t\t\t<\/div>\n\t\t\t\t<\/div>\n\t\t\t\t\t<\/div>\n\t\t<\/div>\n\t\t\t\t<div class=\"elementor-column elementor-col-50 elementor-top-column elementor-element elementor-element-ad3aa69\" data-id=\"ad3aa69\" data-element_type=\"column\">\n\t\t\t<div class=\"elementor-widget-wrap elementor-element-populated\">\n\t\t\t\t\t\t<div class=\"elementor-element elementor-element-992075a elementor-widget elementor-widget-text-editor\" data-id=\"992075a\" data-element_type=\"widget\" data-widget_type=\"text-editor.default\">\n\t\t\t\t<div class=\"elementor-widget-container\">\n\t\t\t\t\t\t\t\t\t<p><strong>Dostosowane Rozwi\u0105zania<\/strong><br \/>Ka\u017cdy projekt traktujemy indywidualnie. Dzi\u0119ki wsp\u00f3\u0142pracy z nami otrzymacie Pa\u0144stwo detale<br \/>wtryskowe zoptymalizowane do Pa\u0144stwa konkretnych wymaga\u0144 i specyfikacji.<br \/><br \/><strong>Moc Przewidywania<\/strong><br \/>Razem z nami oszcz\u0119dzicie Pa\u0144stwo czas i zasoby przewiduj\u0105c wyzwania przed wyprodukowaniem<br \/>fizycznych form, redukuj\u0105c ilo\u015b\u0107 p\u00f3\u017aniejszych pr\u00f3b i b\u0142\u0119dy mog\u0105ce wyst\u0105pi\u0107 w czasie produkcji.<\/p>\t\t\t\t\t\t\t\t<\/div>\n\t\t\t\t<\/div>\n\t\t\t\t\t<\/div>\n\t\t<\/div>\n\t\t\t\t\t<\/div>\n\t\t<\/section>\n\t\t\t\t<section class=\"elementor-section elementor-top-section elementor-element elementor-element-8df1a47 elementor-section-boxed elementor-section-height-default elementor-section-height-default\" data-id=\"8df1a47\" data-element_type=\"section\">\n\t\t\t\t\t\t<div class=\"elementor-container elementor-column-gap-default\">\n\t\t\t\t\t<div class=\"elementor-column elementor-col-100 elementor-top-column elementor-element elementor-element-1da3f92\" data-id=\"1da3f92\" data-element_type=\"column\">\n\t\t\t<div class=\"elementor-widget-wrap elementor-element-populated\">\n\t\t\t\t\t\t<div class=\"elementor-element elementor-element-ab2396a elementor-widget elementor-widget-text-editor\" data-id=\"ab2396a\" data-element_type=\"widget\" data-widget_type=\"text-editor.default\">\n\t\t\t\t<div class=\"elementor-widget-container\">\n\t\t\t\t\t\t\t\t\t<p><strong>Gwarancja wysokiej jako\u015bci<\/strong><br \/>Identyfikujemy i eliminujemy wady, takie jak potencjalne wypaczenia, zapadni\u0119cia czy pu\u0142apki powietrzne, zapewniaj\u0105c najwy\u017csz\u0105 jako\u015b\u0107 produkt\u00f3w.<\/p>\t\t\t\t\t\t\t\t<\/div>\n\t\t\t\t<\/div>\n\t\t\t\t\t<\/div>\n\t\t<\/div>\n\t\t\t\t\t<\/div>\n\t\t<\/section>\n\t\t\t\t<section class=\"elementor-section elementor-top-section elementor-element elementor-element-728eba2 elementor-section-boxed elementor-section-height-default elementor-section-height-default\" data-id=\"728eba2\" data-element_type=\"section\">\n\t\t\t\t\t\t<div class=\"elementor-container elementor-column-gap-default\">\n\t\t\t\t\t<div class=\"elementor-column elementor-col-50 elementor-top-column elementor-element elementor-element-5e0ed25\" data-id=\"5e0ed25\" data-element_type=\"column\">\n\t\t\t<div class=\"elementor-widget-wrap elementor-element-populated\">\n\t\t\t\t\t\t<div class=\"elementor-element elementor-element-cdec5f4 elementor-widget elementor-widget-text-editor\" data-id=\"cdec5f4\" data-element_type=\"widget\" data-widget_type=\"text-editor.default\">\n\t\t\t\t<div class=\"elementor-widget-container\">\n\t\t\t\t\t\t\t\t\t<p><strong>Do\u015bwiadczona Kadra In\u017cynierska<\/strong><br \/>Nasz zesp\u00f3\u0142 in\u017cynier\u00f3w posiada bogate do\u015bwiadczenie w bran\u017cy. Jeste\u015bmy gotowi sprosta\u0107 nawet<br \/>najbardziej wymagaj\u0105cym projektom.<\/p><p><br \/><strong>Zr\u00f3wnowa\u017cona Produkcja<\/strong><br \/>Dbamy o \u015brodowisko. Razem z nami zoptymalizujecie Pa\u0144stwo swoje procesy produkcyjne pod k\u0105tem<br \/>minimalizacji odpad\u00f3w i efektywnego wykorzystania surowc\u00f3w.<br \/>Zapraszamy do do\u0142\u0105czenia do grona zadowolonych Klient\u00f3w, kt\u00f3rzy zainwestowali w precyzj\u0119,<br \/>innowacje i partnersk\u0105 wsp\u00f3\u0142prac\u0119. Zapraszamy do kontaktu ju\u017c dzi\u015b aby om\u00f3wi\u0107 jak mo\u017cemy<br \/>zrewolucjonizowa\u0107 Pa\u0144stwa proces produkcji.<\/p>\t\t\t\t\t\t\t\t<\/div>\n\t\t\t\t<\/div>\n\t\t\t\t\t<\/div>\n\t\t<\/div>\n\t\t\t\t<div class=\"elementor-column elementor-col-50 elementor-top-column elementor-element elementor-element-dbe3bbe\" data-id=\"dbe3bbe\" data-element_type=\"column\">\n\t\t\t<div class=\"elementor-widget-wrap elementor-element-populated\">\n\t\t\t\t\t\t<div class=\"elementor-element elementor-element-1eaf592 elementor-widget elementor-widget-image\" data-id=\"1eaf592\" data-element_type=\"widget\" data-widget_type=\"image.default\">\n\t\t\t\t<div class=\"elementor-widget-container\">\n\t\t\t\t\t\t\t\t\t\t\t\t\t\t\t<img decoding=\"async\" width=\"972\" height=\"768\" src=\"https:\/\/klgsnt.pl\/wp-content\/uploads\/2024\/03\/15-kafelek-Projektowanie-i-wsparcie-konstrukcyjne.jpg\" class=\"attachment-large size-large wp-image-1161\" alt=\"\" srcset=\"https:\/\/klgsnt.pl\/wp-content\/uploads\/2024\/03\/15-kafelek-Projektowanie-i-wsparcie-konstrukcyjne.jpg 972w, https:\/\/klgsnt.pl\/wp-content\/uploads\/2024\/03\/15-kafelek-Projektowanie-i-wsparcie-konstrukcyjne-300x237.jpg 300w, https:\/\/klgsnt.pl\/wp-content\/uploads\/2024\/03\/15-kafelek-Projektowanie-i-wsparcie-konstrukcyjne-768x607.jpg 768w\" sizes=\"(max-width: 972px) 100vw, 972px\" \/>\t\t\t\t\t\t\t\t\t\t\t\t\t\t\t<\/div>\n\t\t\t\t<\/div>\n\t\t\t\t\t<\/div>\n\t\t<\/div>\n\t\t\t\t\t<\/div>\n\t\t<\/section>\n\t\t\t\t<section class=\"elementor-section elementor-top-section elementor-element elementor-element-4a0544e elementor-section-boxed elementor-section-height-default elementor-section-height-default\" data-id=\"4a0544e\" data-element_type=\"section\">\n\t\t\t\t\t\t<div class=\"elementor-container elementor-column-gap-default\">\n\t\t\t\t\t<div class=\"elementor-column elementor-col-100 elementor-top-column elementor-element elementor-element-3bb45eb\" data-id=\"3bb45eb\" data-element_type=\"column\">\n\t\t\t<div class=\"elementor-widget-wrap\">\n\t\t\t\t\t\t\t<\/div>\n\t\t<\/div>\n\t\t\t\t\t<\/div>\n\t\t<\/section>\n\t\t\t\t<\/div>\n\t\t","protected":false},"excerpt":{"rendered":"<p>Przeprowadzanie symulacji oraz analiza technologiczna Szukacie Pa\u0144stwo partnera, kt\u00f3ry nie tylko dostarczy najwy\u017cszej jako\u015bci detale wtryskowych aler\u00f3wnie\u017c zastosuje najnowocze\u015bniejsze rozwi\u0105zania technologiczne?Witamy w KLGS gdzie do\u015bwiadczenie oraz wysoka jako\u015b\u0107 wtrysku tworzyw sztucznych spotyka si\u0119 zinnowacyjno\u015bci\u0105 programu Moldex 3D. Dlaczego Warto Wybra\u0107 Nasz\u0105 Firm\u0119: Precyzyjny Wtrysk Tworzyw SztucznychOferujemy doskona\u0142\u0105 precyzj\u0119 detali wtryskiwanych dostosowan\u0105 do indywidualnych potrzeb Klienta.Jeste\u015bmy [&hellip;]<\/p>\n","protected":false},"author":1,"featured_media":0,"parent":0,"menu_order":0,"comment_status":"closed","ping_status":"closed","template":"","meta":{"footnotes":""},"class_list":["post-1157","page","type-page","status-publish","hentry"],"_links":{"self":[{"href":"https:\/\/klgsnt.pl\/index.php?rest_route=\/wp\/v2\/pages\/1157","targetHints":{"allow":["GET"]}}],"collection":[{"href":"https:\/\/klgsnt.pl\/index.php?rest_route=\/wp\/v2\/pages"}],"about":[{"href":"https:\/\/klgsnt.pl\/index.php?rest_route=\/wp\/v2\/types\/page"}],"author":[{"embeddable":true,"href":"https:\/\/klgsnt.pl\/index.php?rest_route=\/wp\/v2\/users\/1"}],"replies":[{"embeddable":true,"href":"https:\/\/klgsnt.pl\/index.php?rest_route=%2Fwp%2Fv2%2Fcomments&post=1157"}],"version-history":[{"count":13,"href":"https:\/\/klgsnt.pl\/index.php?rest_route=\/wp\/v2\/pages\/1157\/revisions"}],"predecessor-version":[{"id":1176,"href":"https:\/\/klgsnt.pl\/index.php?rest_route=\/wp\/v2\/pages\/1157\/revisions\/1176"}],"wp:attachment":[{"href":"https:\/\/klgsnt.pl\/index.php?rest_route=%2Fwp%2Fv2%2Fmedia&parent=1157"}],"curies":[{"name":"wp","href":"https:\/\/api.w.org\/{rel}","templated":true}]}}